{"id":11,"date":"2024-11-14T06:44:12","date_gmt":"2024-11-14T05:44:12","guid":{"rendered":"https:\/\/www.globalmineralspa.cl\/?page_id=11"},"modified":"2025-05-15T09:17:02","modified_gmt":"2025-05-15T07:17:02","slug":"inicio","status":"publish","type":"page","link":"https:\/\/www.globalmineralspa.cl\/","title":{"rendered":"Inicio"},"content":{"rendered":"<p>[et_pb_section fb_built=\u00bb1&#8243; custom_padding_last_edited=\u00bbon|tablet\u00bb admin_label=\u00bbHero\u00bb _builder_version=\u00bb4.27.4&#8243; _module_preset=\u00bbe68aa8c9-06e1-48cb-b82b-29ec720aed4c\u00bb background_image=\u00bbhttps:\/\/www.globalmineralspa.cl\/wp-content\/uploads\/2025\/05\/mineria.jpg\u00bb custom_padding=\u00bb10vw||10vw||true|false\u00bb custom_padding_tablet=\u00bb10vw||10vw||true|false\u00bb custom_padding_phone=\u00bb10vw||10vw||true|false\u00bb locked=\u00bboff\u00bb collapsed=\u00bbon\u00bb global_colors_info=\u00bb{}\u00bb][et_pb_row column_structure=\u00bb1_2,1_2&#8243; _builder_version=\u00bb4.24.2&#8243; _module_preset=\u00bb5138c454-be54-4233-bd3b-f8e6a8747976&#8243; locked=\u00bboff\u00bb global_colors_info=\u00bb{}\u00bb][et_pb_column type=\u00bb1_2&#8243; _builder_version=\u00bb4.23.1&#8243; _module_preset=\u00bb73121f80-a3ef-4484-8763-c3f18e3c56d2&#8243; global_colors_info=\u00bb{}\u00bb][et_pb_heading title=\u00bbExplorando Nuevas Fronteras\u00bb _builder_version=\u00bb4.24.2&#8243; _module_preset=\u00bbf0c675ea-2574-4d0e-b725-30f8550a8550&#8243; title_text_color=\u00bbgcid-primary-color\u00bb locked=\u00bboff\u00bb global_colors_info=\u00bb{%22gcid-primary-color%22:%91%22title_text_color%22%93}\u00bb][\/et_pb_heading][et_pb_heading title=\u00bbLiderazgo en Miner\u00eda e Ingenier\u00eda\u00bb _builder_version=\u00bb4.24.2&#8243; _module_preset=\u00bbddeb8c09-9078-4424-bc15-2efb6572e28e\u00bb locked=\u00bboff\u00bb global_colors_info=\u00bb{}\u00bb][\/et_pb_heading][et_pb_text _builder_version=\u00bb4.24.2&#8243; _module_preset=\u00bb2c55a9c4-feed-423b-9edb-ae0b5b365cac\u00bb locked=\u00bboff\u00bb global_colors_info=\u00bb{}\u00bb]<\/p>\n<p>Descubre c\u00f3mo Grupo Global impulsa el futuro con innovaci\u00f3n y sostenibilidad.<\/p>\n<p>[\/et_pb_text][et_pb_button button_text=\u00bbConoce M\u00e1s\u00bb _builder_version=\u00bb4.23.1&#8243; _module_preset=\u00bb1bffc0fc-42a0-49d1-bd9a-ae3ade2d7206&#8243; locked=\u00bboff\u00bb global_colors_info=\u00bb{}\u00bb][\/et_pb_button][\/et_pb_column][et_pb_column type=\u00bb1_2&#8243; _builder_version=\u00bb4.23.1&#8243; _module_preset=\u00bb73121f80-a3ef-4484-8763-c3f18e3c56d2&#8243; custom_padding=\u00bb8%||8%||false|false\u00bb custom_padding_tablet=\u00bb0%||8%||false|false\u00bb custom_padding_phone=\u00bb0%||8%||false|false\u00bb custom_padding_last_edited=\u00bbon|tablet\u00bb global_colors_info=\u00bb{}\u00bb][\/et_pb_column][\/et_pb_row][\/et_pb_section][et_pb_section fb_built=\u00bb1&#8243; admin_label=\u00bbAbout\u00bb _builder_version=\u00bb4.25.1&#8243; _module_preset=\u00bbdefault\u00bb collapsed=\u00bbon\u00bb global_colors_info=\u00bb{}\u00bb][et_pb_row _builder_version=\u00bb4.25.1&#8243; _module_preset=\u00bbdefault\u00bb global_colors_info=\u00bb{}\u00bb][et_pb_column type=\u00bb4_4&#8243; _builder_version=\u00bb4.25.1&#8243; _module_preset=\u00bbdefault\u00bb global_colors_info=\u00bb{}\u00bb][et_pb_heading title=\u00bbCompromiso con el Futuro\u00bb _builder_version=\u00bb4.25.1&#8243; _module_preset=\u00bbc33f07d9-41e0-421a-8799-5799df695cce\u00bb global_colors_info=\u00bb{}\u00bb][\/et_pb_heading][\/et_pb_column][\/et_pb_row][et_pb_row column_structure=\u00bb1_2,1_2&#8243; _builder_version=\u00bb4.25.1&#8243; _module_preset=\u00bbdefault\u00bb global_colors_info=\u00bb{}\u00bb][et_pb_column type=\u00bb1_2&#8243; _builder_version=\u00bb4.25.1&#8243; _module_preset=\u00bbdefault\u00bb global_colors_info=\u00bb{}\u00bb][et_pb_text _builder_version=\u00bb4.25.1&#8243; _module_preset=\u00bb2c55a9c4-feed-423b-9edb-ae0b5b365cac\u00bb global_colors_info=\u00bb{}\u00bb]Grupo Global es un conglomerado de empresas dedicadas al desarrollo de proyectos mineros, energ\u00e9ticos, de ingenier\u00eda y construcci\u00f3n. Con un firme compromiso hacia nuestra gente y el medio ambiente, nos destacamos por nuestra responsabilidad social y ambiental. Nuestra misi\u00f3n es liderar con innovaci\u00f3n y sostenibilidad, asegurando un impacto positivo en las comunidades donde operamos.[\/et_pb_text][\/et_pb_column][et_pb_column type=\u00bb1_2&#8243; _builder_version=\u00bb4.25.1&#8243; _module_preset=\u00bbdefault\u00bb global_colors_info=\u00bb{}\u00bb][et_pb_text _builder_version=\u00bb4.25.1&#8243; _module_preset=\u00bb2c55a9c4-feed-423b-9edb-ae0b5b365cac\u00bb locked=\u00bboff\u00bb global_colors_info=\u00bb{}\u00bb]Fundada sobre principios de excelencia y sostenibilidad, Grupo Global se compone de cuatro sociedades: Global Mineral SPA, Global Servicios Mineros SPA, Global Minning SPA y Global Opex One SPA. Nos enorgullece ser l\u00edderes en servicios de ingenier\u00eda, avanzando constantemente para mantenernos a la vanguardia del sector minero.[\/et_pb_text][\/et_pb_column][\/et_pb_row][\/et_pb_section][et_pb_section fb_built=\u00bb1&#8243; admin_label=\u00bbServices\u00bb _builder_version=\u00bb4.23.1&#8243; _module_preset=\u00bbdefault\u00bb locked=\u00bboff\u00bb collapsed=\u00bbon\u00bb global_colors_info=\u00bb{}\u00bb][et_pb_row _builder_version=\u00bb4.17.6&#8243; _module_preset=\u00bb5138c454-be54-4233-bd3b-f8e6a8747976&#8243; global_colors_info=\u00bb{}\u00bb][et_pb_column type=\u00bb4_4&#8243; _builder_version=\u00bb4.17.3&#8243; _module_preset=\u00bb73121f80-a3ef-4484-8763-c3f18e3c56d2&#8243; global_colors_info=\u00bb{}\u00bb][et_pb_heading title=\u00bb\u00c1reas de Servicio Especializadas\u00bb _builder_version=\u00bb4.24.2&#8243; _module_preset=\u00bbc33f07d9-41e0-421a-8799-5799df695cce\u00bb locked=\u00bboff\u00bb global_colors_info=\u00bb{}\u00bb][\/et_pb_heading][\/et_pb_column][\/et_pb_row][et_pb_row column_structure=\u00bb1_2,1_2&#8243; _builder_version=\u00bb4.23.1&#8243; _module_preset=\u00bb5138c454-be54-4233-bd3b-f8e6a8747976&#8243; global_colors_info=\u00bb{}\u00bb][et_pb_column type=\u00bb1_2&#8243; _builder_version=\u00bb4.17.3&#8243; _module_preset=\u00bb73121f80-a3ef-4484-8763-c3f18e3c56d2&#8243; global_colors_info=\u00bb{}\u00bb][et_pb_image src=\u00bbhttps:\/\/images.unsplash.com\/photo-1509453721491-c3af5961df76?ixid=M3w1ODkyNzF8MHwxfHNlYXJjaHw3fHxlbmdpbmVlcmluZyUyMGNvbnN0cnVjdGlvbiUyMHNpdGV8ZW58MHwxfHx8MTczMTU2Mjg1MXww&#038;ixlib=rb-4.0.3&#038;fm=webp&#038;fit=crop&#038;crop=entropy&#038;w=800&#038;h=1080&#038;q=20&#038;dpr=2&#8243; title_text=\u00bb800&#215;1080&#8243; _builder_version=\u00bb4.24.3&#8243; _module_preset=\u00bb6ed8fd5c-62c5-4100-98c3-7b8b6d2c2ee6&#8243; global_colors_info=\u00bb{}\u00bb][\/et_pb_image][\/et_pb_column][et_pb_column type=\u00bb1_2&#8243; _builder_version=\u00bb4.17.3&#8243; _module_preset=\u00bb73121f80-a3ef-4484-8763-c3f18e3c56d2&#8243; global_colors_info=\u00bb{}\u00bb][et_pb_blurb title=\u00bbExplotaci\u00f3n y Transporte de Minerales\u00bb use_icon=\u00bbon\u00bb font_icon=\u00bb&#xf79c;||fa||900&#8243; _builder_version=\u00bb4.24.3&#8243; _module_preset=\u00bb65059203-12d3-44f6-8371-3f5cf61a0475&#8243; locked=\u00bboff\u00bb global_colors_info=\u00bb{%22gcid-f2943306-fa6c-45f0-b632-5fc00151366a%22:%91%22icon_color%22,%22icon_color%22%93}\u00bb]<\/p>\n<p>Ofrecemos un servicio completo que abarca desde la preparaci\u00f3n del terreno hasta el chancado industrial, asegurando eficiencia y seguridad en cada fase del proceso.<\/p>\n<p>[\/et_pb_blurb][et_pb_blurb title=\u00bbIngenier\u00eda y Construcci\u00f3n\u00bb use_icon=\u00bbon\u00bb font_icon=\u00bb&#xf0a9;||fa||900&#8243; _builder_version=\u00bb4.24.3&#8243; _module_preset=\u00bb65059203-12d3-44f6-8371-3f5cf61a0475&#8243; locked=\u00bboff\u00bb global_colors_info=\u00bb{%22gcid-f2943306-fa6c-45f0-b632-5fc00151366a%22:%91%22icon_color%22,%22icon_color%22%93}\u00bb]<\/p>\n<p>Proveemos soluciones integrales en movimiento de tierra y obras civiles, respaldadas por estudios de mec\u00e1nica de suelo para garantizar la calidad y seguridad de nuestros proyectos.<\/p>\n<p>[\/et_pb_blurb][et_pb_blurb title=\u00bbCompromiso Ambiental\u00bb use_icon=\u00bbon\u00bb font_icon=\u00bb&#xf0a9;||fa||900&#8243; _builder_version=\u00bb4.24.3&#8243; _module_preset=\u00bb65059203-12d3-44f6-8371-3f5cf61a0475&#8243; locked=\u00bboff\u00bb global_colors_info=\u00bb{%22gcid-f2943306-fa6c-45f0-b632-5fc00151366a%22:%91%22icon_color%22,%22icon_color%22%93}\u00bb]<\/p>\n<p>Nuestras operaciones est\u00e1n guiadas por un profundo respeto al medio ambiente, implementando pr\u00e1cticas sostenibles en cada etapa de nuestros servicios.<\/p>\n<p>[\/et_pb_blurb][\/et_pb_column][\/et_pb_row][\/et_pb_section][et_pb_section fb_built=\u00bb1&#8243; admin_label=\u00bbText\u00bb _builder_version=\u00bb4.18.0&#8243; _module_preset=\u00bbdefault\u00bb locked=\u00bboff\u00bb collapsed=\u00bbon\u00bb global_colors_info=\u00bb{}\u00bb][et_pb_row column_structure=\u00bb1_3,1_3,1_3&#8243; _builder_version=\u00bb4.24.2&#8243; _module_preset=\u00bb5138c454-be54-4233-bd3b-f8e6a8747976&#8243; border_color_all=\u00bbrgba(0,0,0,0.08)\u00bb border_width_top=\u00bb2px\u00bb global_colors_info=\u00bb{}\u00bb][et_pb_column type=\u00bb1_3&#8243; _builder_version=\u00bb4.18.0&#8243; _module_preset=\u00bb73121f80-a3ef-4484-8763-c3f18e3c56d2&#8243; global_colors_info=\u00bb{}\u00bb][et_pb_heading title=\u00bbCompromiso con la Sostenibilidad\u00bb _builder_version=\u00bb4.24.2&#8243; _module_preset=\u00bb8c21dae4-c59d-4c2b-958c-0e045c7f06d6&#8243; locked=\u00bboff\u00bb global_colors_info=\u00bb{}\u00bb][\/et_pb_heading][et_pb_text _builder_version=\u00bb4.24.2&#8243; _module_preset=\u00bb2c55a9c4-feed-423b-9edb-ae0b5b365cac\u00bb locked=\u00bboff\u00bb global_colors_info=\u00bb{}\u00bb]<\/p>\n<p>En Grupo Global, la sostenibilidad es el n\u00facleo de todas nuestras operaciones. Nos esforzamos por minimizar el impacto ambiental a trav\u00e9s de pr\u00e1cticas responsables y tecnolog\u00edas innovadoras. Nuestro compromiso se refleja en cada proyecto, asegurando que nuestras acciones hoy no comprometan el bienestar del ma\u00f1ana.<\/p>\n<p>[\/et_pb_text][\/et_pb_column][et_pb_column type=\u00bb1_3&#8243; _builder_version=\u00bb4.18.0&#8243; _module_preset=\u00bb73121f80-a3ef-4484-8763-c3f18e3c56d2&#8243; global_colors_info=\u00bb{}\u00bb][et_pb_heading title=\u00bbProtecci\u00f3n Ambiental\u00bb _builder_version=\u00bb4.24.2&#8243; _module_preset=\u00bb8c21dae4-c59d-4c2b-958c-0e045c7f06d6&#8243; locked=\u00bboff\u00bb global_colors_info=\u00bb{}\u00bb][\/et_pb_heading][et_pb_text _builder_version=\u00bb4.24.2&#8243; _module_preset=\u00bb2c55a9c4-feed-423b-9edb-ae0b5b365cac\u00bb locked=\u00bboff\u00bb global_colors_info=\u00bb{}\u00bb]<\/p>\n<p>Implementamos medidas rigurosas para proteger los ecosistemas locales, promoviendo la biodiversidad y reduciendo la huella de carbono. Cada paso que damos est\u00e1 guiado por un profundo respeto por la naturaleza y un firme compromiso con el desarrollo sostenible.<\/p>\n<p>[\/et_pb_text][\/et_pb_column][et_pb_column type=\u00bb1_3&#8243; _builder_version=\u00bb4.18.0&#8243; _module_preset=\u00bb73121f80-a3ef-4484-8763-c3f18e3c56d2&#8243; global_colors_info=\u00bb{}\u00bb][et_pb_heading title=\u00bbInnovaci\u00f3n Verde\u00bb _builder_version=\u00bb4.24.2&#8243; _module_preset=\u00bb8c21dae4-c59d-4c2b-958c-0e045c7f06d6&#8243; locked=\u00bboff\u00bb global_colors_info=\u00bb{}\u00bb][\/et_pb_heading][et_pb_text _builder_version=\u00bb4.24.2&#8243; _module_preset=\u00bb2c55a9c4-feed-423b-9edb-ae0b5b365cac\u00bb locked=\u00bboff\u00bb global_colors_info=\u00bb{}\u00bb]<\/p>\n<p>Adoptamos soluciones innovadoras que no solo optimizan nuestras operaciones, sino que tambi\u00e9n contribuyen a la conservaci\u00f3n del medio ambiente. Nuestra inversi\u00f3n en tecnolog\u00edas limpias es un testimonio de nuestro liderazgo en sostenibilidad dentro del sector minero e ingeniero.<\/p>\n<p>[\/et_pb_text][\/et_pb_column][\/et_pb_row][\/et_pb_section][et_pb_section fb_built=\u00bb1&#8243; admin_label=\u00bbCall to Action\u00bb _builder_version=\u00bb4.23.1&#8243; _module_preset=\u00bbdefault\u00bb locked=\u00bboff\u00bb collapsed=\u00bbon\u00bb global_colors_info=\u00bb{}\u00bb][et_pb_row _builder_version=\u00bb4.24.3&#8243; _module_preset=\u00bb5138c454-be54-4233-bd3b-f8e6a8747976&#8243; global_colors_info=\u00bb{}\u00bb][et_pb_column type=\u00bb4_4&#8243; _builder_version=\u00bb4.24.3&#8243; _module_preset=\u00bb73121f80-a3ef-4484-8763-c3f18e3c56d2&#8243; global_colors_info=\u00bb{}\u00bb][et_pb_cta title=\u00bbCont\u00e1ctanos para M\u00e1s Informaci\u00f3n\u00bb button_url=\u00bb#\u00bb button_text=\u00bbSolicitar Informaci\u00f3n\u00bb _builder_version=\u00bb4.24.3&#8243; _module_preset=\u00bb0cae81ab-7223-4b50-8e71-bfb309c58c86&#8243; background_enable_color=\u00bboff\u00bb use_background_color_gradient=\u00bbon\u00bb background_color_gradient_stops=\u00bbrgba(0,0,0,0.75) 0%|rgba(0,0,0,0.75) 100%\u00bb background_color_gradient_overlays_image=\u00bbon\u00bb background_image=\u00bbhttps:\/\/images.unsplash.com\/photo-1454165804606-c3d57bc86b40?ixid=M3w1ODkyNzF8MHwxfHNlYXJjaHw5fHxwcm9mZXNzaW9uYWwlMjB0ZWFtJTIwbWVldGluZ3xlbnwwfDB8fHwxNzMxNDUzMDYzfDA&#038;ixlib=rb-4.0.3&#038;fm=webp&#038;fit=crop&#038;crop=entropy&#038;w=1080&#038;h=600&#038;q=20&#038;dpr=2&#8243; custom_padding=\u00bb5vw|60px|5vw|60px|true|true\u00bb custom_padding_tablet=\u00bb|30px||30px|true|true\u00bb custom_padding_phone=\u00bb|20px||20px|true|true\u00bb custom_padding_last_edited=\u00bbon|desktop\u00bb locked=\u00bboff\u00bb global_colors_info=\u00bb{}\u00bb text_font_size_tablet=\u00bb16px\u00bb text_font_size_phone=\u00bb14px\u00bb text_font_size_last_edited=\u00bbon|phone\u00bb]<\/p>\n<p>\u00bfInteresado en conocer m\u00e1s sobre c\u00f3mo Grupo Global puede apoyar tus proyectos? Nuestro equipo est\u00e1 listo para brindarte toda la informaci\u00f3n que necesitas sobre nuestros servicios en miner\u00eda, ingenier\u00eda y construcci\u00f3n. \u00a1Cont\u00e1ctanos hoy mismo y descubre c\u00f3mo podemos colaborar contigo para un futuro m\u00e1s sostenible!<\/p>\n<p>[\/et_pb_cta][\/et_pb_column][\/et_pb_row][\/et_pb_section]<\/p>\n","protected":false},"excerpt":{"rendered":"<p>Descubre c\u00f3mo Grupo Global impulsa el futuro con innovaci\u00f3n y sostenibilidad.Grupo Global es un conglomerado de empresas dedicadas al desarrollo de proyectos mineros, energ\u00e9ticos, de ingenier\u00eda y construcci\u00f3n. Con un firme compromiso hacia nuestra gente y el medio ambiente, nos destacamos por nuestra responsabilidad social y ambiental. Nuestra misi\u00f3n es liderar con innovaci\u00f3n y sostenibilidad, [&hellip;]<\/p>\n","protected":false},"author":1,"featured_media":0,"parent":0,"menu_order":0,"comment_status":"closed","ping_status":"closed","template":"","meta":{"_et_pb_use_builder":"on","_et_pb_old_content":"","_et_gb_content_width":"","footnotes":""},"class_list":["post-11","page","type-page","status-publish","hentry"],"_links":{"self":[{"href":"https:\/\/www.globalmineralspa.cl\/index.php\/wp-json\/wp\/v2\/pages\/11","targetHints":{"allow":["GET"]}}],"collection":[{"href":"https:\/\/www.globalmineralspa.cl\/index.php\/wp-json\/wp\/v2\/pages"}],"about":[{"href":"https:\/\/www.globalmineralspa.cl\/index.php\/wp-json\/wp\/v2\/types\/page"}],"author":[{"embeddable":true,"href":"https:\/\/www.globalmineralspa.cl\/index.php\/wp-json\/wp\/v2\/users\/1"}],"replies":[{"embeddable":true,"href":"https:\/\/www.globalmineralspa.cl\/index.php\/wp-json\/wp\/v2\/comments?post=11"}],"version-history":[{"count":5,"href":"https:\/\/www.globalmineralspa.cl\/index.php\/wp-json\/wp\/v2\/pages\/11\/revisions"}],"predecessor-version":[{"id":136,"href":"https:\/\/www.globalmineralspa.cl\/index.php\/wp-json\/wp\/v2\/pages\/11\/revisions\/136"}],"wp:attachment":[{"href":"https:\/\/www.globalmineralspa.cl\/index.php\/wp-json\/wp\/v2\/media?parent=11"}],"curies":[{"name":"wp","href":"https:\/\/api.w.org\/{rel}","templated":true}]}}